{"id":465,"date":"2025-09-02T13:18:16","date_gmt":"2025-09-02T17:18:16","guid":{"rendered":"https:\/\/proteiplus.ca\/achievements\/"},"modified":"2026-01-16T09:17:52","modified_gmt":"2026-01-16T14:17:52","slug":"achievements","status":"publish","type":"page","link":"https:\/\/proteiplus.ca\/en\/achievements\/","title":{"rendered":"Achievements"},"content":{"rendered":"<p>[et_pb_section fb_built=&#8221;1&#8243; custom_padding_last_edited=&#8221;on|desktop&#8221; admin_label=&#8221;R\u00e9alisation&#8221; module_class=&#8221;section-header&#8221; _builder_version=&#8221;4.27.0&#8243; _module_preset=&#8221;default&#8221; use_background_color_gradient=&#8221;on&#8221; background_color_gradient_stops=&#8221;rgba(0,0,0,0.42) 0%|rgba(0,0,0,0.42) 100%&#8221; background_color_gradient_overlays_image=&#8221;on&#8221; background_image=&#8221;https:\/\/proteiplus.ca\/wp-content\/uploads\/2025\/09\/background_realisation.jpg&#8221; custom_padding=&#8221;140px||140px||true|false&#8221; custom_padding_tablet=&#8221;90px||90px||true|false&#8221; custom_padding_phone=&#8221;60px||60px||true|false&#8221; global_colors_info=&#8221;{}&#8221;][et_pb_row module_class=&#8221;row-90 row-contenu&#8221; _builder_version=&#8221;4.27.0&#8243; _module_preset=&#8221;default&#8221; custom_padding=&#8221;0px||0px||true|false&#8221; animation_style=&#8221;fade&#8221; animation_duration=&#8221;1200ms&#8221; global_colors_info=&#8221;{}&#8221;][et_pb_column type=&#8221;4_4&#8243; _builder_version=&#8221;4.27.0&#8243; _module_preset=&#8221;default&#8221; global_colors_info=&#8221;{}&#8221;][et_pb_text admin_label=&#8221;R\u00e9alisation&#8221; _builder_version=&#8221;4.27.5&#8243; _module_preset=&#8221;5e8db021-d680-4755-8596-33378bac2b45&#8243; hover_enabled=&#8221;0&#8243; global_colors_info=&#8221;{}&#8221; sticky_enabled=&#8221;0&#8243;]<\/p>\n<h1>R\u00e9alisations<\/h1>\n<p>[\/et_pb_text][\/et_pb_column][\/et_pb_row][\/et_pb_section][et_pb_section fb_built=&#8221;1&#8243; _builder_version=&#8221;4.27.0&#8243; _module_preset=&#8221;default&#8221; global_colors_info=&#8221;{}&#8221;][et_pb_row column_structure=&#8221;1_2,1_2&#8243; use_custom_gutter=&#8221;on&#8221; gutter_width=&#8221;2&#8243; make_equal=&#8221;on&#8221; custom_padding_last_edited=&#8221;on|tablet&#8221; module_class=&#8221;row-90 row-contenu&#8221; _builder_version=&#8221;4.27.0&#8243; _module_preset=&#8221;default&#8221; custom_padding=&#8221;||70px||false|false&#8221; custom_padding_tablet=&#8221;0px||45px||false|false&#8221; custom_padding_phone=&#8221;0px||||false|false&#8221; border_width_bottom=&#8221;1px&#8221; border_color_bottom=&#8221;#CECECE&#8221; global_colors_info=&#8221;{}&#8221;][et_pb_column type=&#8221;1_2&#8243; _builder_version=&#8221;4.27.0&#8243; _module_preset=&#8221;default&#8221; global_colors_info=&#8221;{}&#8221;][et_pb_text admin_label=&#8221;\u00c9tude de cas : d\u00e9veloppement d\u2019une gamme de prot\u00e9ines&#8221; _builder_version=&#8221;4.27.0&#8243; _module_preset=&#8221;8c759c02-2744-4ca9-9818-ac89c563a4f9&#8243; global_colors_info=&#8221;{}&#8221;]<\/p>\n<h2>Case Study: <span style=\"color: #3f60ad;\">Development<br \/>of a Protein Range<\/span><\/h2>\n<p>[\/et_pb_text][et_pb_text admin_label=&#8221;D\u00e9veloppement d\u2019ingr\u00e9dients algosourc\u00e9es \u00e0 haute valeur ajout\u00e9e par hydrolyse enzymatique&#8221; _builder_version=&#8221;4.27.0&#8243; _module_preset=&#8221;1f26199a-d849-450c-90b9-d2e904d528e2&#8243; global_colors_info=&#8221;{}&#8221;]<\/p>\n<p><strong>Development of high-value algae-based ingredients through enzymatic hydrolysis<\/strong><\/p>\n<p><\/p>\n<p>The platform has developed all the steps to produce the proteins cost-effectively for the company<\/p>\n<p>[\/et_pb_text][et_pb_button button_url=&#8221;https:\/\/proteiplus.ca\/en\/contact-us\/#formulaire&#8221; button_text=&#8221;Learn more&#8221; _builder_version=&#8221;4.27.4&#8243; _module_preset=&#8221;default&#8221; custom_button=&#8221;on&#8221; button_text_color=&#8221;#FFFFFF&#8221; button_bg_color=&#8221;#3F60AD&#8221; button_border_color=&#8221;#3F60AD&#8221; button_font=&#8221;&#8211;et_global_heading_font|700|||||||&#8221; button_text_size_tablet=&#8221;17px&#8221; button_text_size_phone=&#8221;15px&#8221; button_text_size_last_edited=&#8221;on|phone&#8221; global_colors_info=&#8221;{}&#8221; button_bg_color__hover_enabled=&#8221;on|hover&#8221; button_bg_color__hover=&#8221;#567FDE&#8221; button_bg_enable_color__hover=&#8221;on&#8221; button_border_color__hover_enabled=&#8221;on|hover&#8221; button_border_color__hover=&#8221;#567FDE&#8221;][\/et_pb_button][\/et_pb_column][et_pb_column type=&#8221;1_2&#8243; _builder_version=&#8221;4.27.0&#8243; _module_preset=&#8221;default&#8221; global_colors_info=&#8221;{}&#8221;][et_pb_image src=&#8221;https:\/\/proteiplus.ca\/wp-content\/uploads\/2026\/01\/the-process.png&#8221; title_text=&#8221;the process&#8221; _builder_version=&#8221;4.27.0&#8243; _module_preset=&#8221;default&#8221; width=&#8221;80%&#8221; width_tablet=&#8221;60%&#8221; width_phone=&#8221;80%&#8221; width_last_edited=&#8221;on|desktop&#8221; module_alignment=&#8221;center&#8221; scroll_vertical_motion_enable=&#8221;on&#8221; scroll_vertical_motion=&#8221;0|50|50|100|1.5|0|0&#8243; motion_trigger_start=&#8221;top&#8221; global_colors_info=&#8221;{}&#8221;][\/et_pb_image][\/et_pb_column][\/et_pb_row][et_pb_row column_structure=&#8221;1_2,1_2&#8243; use_custom_gutter=&#8221;on&#8221; gutter_width=&#8221;2&#8243; make_equal=&#8221;on&#8221; custom_padding_last_edited=&#8221;on|tablet&#8221; module_class=&#8221;row-90 row-contenu&#8221; _builder_version=&#8221;4.27.0&#8243; _module_preset=&#8221;default&#8221; custom_padding=&#8221;70px||70px||false|false&#8221; custom_padding_tablet=&#8221;45px||45px||true|false&#8221; custom_padding_phone=&#8221;45px||45px||true|false&#8221; border_width_bottom=&#8221;1px&#8221; border_color_bottom=&#8221;#CECECE&#8221; global_colors_info=&#8221;{}&#8221;][et_pb_column type=&#8221;1_2&#8243; _builder_version=&#8221;4.27.0&#8243; _module_preset=&#8221;default&#8221; global_colors_info=&#8221;{}&#8221;][et_pb_text admin_label=&#8221;\u00c9tude de cas : d\u00e9veloppement d\u2019une gamme de prot\u00e9ines&#8221; _builder_version=&#8221;4.27.0&#8243; _module_preset=&#8221;8c759c02-2744-4ca9-9818-ac89c563a4f9&#8243; global_colors_info=&#8221;{}&#8221;]<\/p>\n<h2>Case Study: <span style=\"color: #3f60ad;\">Development<br \/>of a Protein Range<\/span><\/h2>\n<p>[\/et_pb_text][et_pb_text admin_label=&#8221;D\u00e9veloppement d\u2019ingr\u00e9dients algosourc\u00e9es \u00e0 haute valeur ajout\u00e9e par hydrolyse enzymatique:&#8221; _builder_version=&#8221;4.27.0&#8243; _module_preset=&#8221;1f26199a-d849-450c-90b9-d2e904d528e2&#8243; global_colors_info=&#8221;{}&#8221;]<\/p>\n<p><strong>Development of high-value algae-based ingredients through enzymatic hydrolysis:<\/strong><\/p>\n<p><\/p>\n<p>The platform developed all the steps to produce the proteins cost-effectively for the company.<\/p>\n<p>[\/et_pb_text][et_pb_button button_url=&#8221;https:\/\/proteiplus.ca\/en\/contact-us\/#formulaire&#8221; button_text=&#8221;Learn more&#8221; _builder_version=&#8221;4.27.4&#8243; _module_preset=&#8221;default&#8221; custom_button=&#8221;on&#8221; button_text_color=&#8221;#FFFFFF&#8221; button_bg_color=&#8221;#3F60AD&#8221; button_border_color=&#8221;#3F60AD&#8221; button_font=&#8221;&#8211;et_global_heading_font|700|||||||&#8221; button_text_size_tablet=&#8221;17px&#8221; button_text_size_phone=&#8221;15px&#8221; button_text_size_last_edited=&#8221;on|phone&#8221; global_colors_info=&#8221;{}&#8221; button_bg_color__hover_enabled=&#8221;on|hover&#8221; button_bg_color__hover=&#8221;#567FDE&#8221; button_bg_enable_color__hover=&#8221;on&#8221; button_border_color__hover_enabled=&#8221;on|hover&#8221; button_border_color__hover=&#8221;#567FDE&#8221;][\/et_pb_button][\/et_pb_column][et_pb_column type=&#8221;1_2&#8243; _builder_version=&#8221;4.27.0&#8243; _module_preset=&#8221;default&#8221; global_colors_info=&#8221;{}&#8221;][et_pb_image src=&#8221;https:\/\/proteiplus.ca\/wp-content\/uploads\/2026\/01\/Technology-transfer.png&#8221; title_text=&#8221;Technology transfer to the company&#8221; _builder_version=&#8221;4.27.0&#8243; _module_preset=&#8221;default&#8221; width=&#8221;80%&#8221; width_tablet=&#8221;60%&#8221; width_phone=&#8221;80%&#8221; width_last_edited=&#8221;on|desktop&#8221; module_alignment=&#8221;center&#8221; scroll_vertical_motion_enable=&#8221;on&#8221; scroll_vertical_motion=&#8221;0|50|50|100|1.5|0|0&#8243; motion_trigger_start=&#8221;top&#8221; global_colors_info=&#8221;{}&#8221;][\/et_pb_image][\/et_pb_column][\/et_pb_row][et_pb_row column_structure=&#8221;1_2,1_2&#8243; use_custom_gutter=&#8221;on&#8221; gutter_width=&#8221;2&#8243; make_equal=&#8221;on&#8221; custom_padding_last_edited=&#8221;on|tablet&#8221; module_class=&#8221;row-90 row-contenu&#8221; _builder_version=&#8221;4.27.0&#8243; _module_preset=&#8221;default&#8221; custom_padding=&#8221;70px||70px||false|false&#8221; custom_padding_tablet=&#8221;45px||45px||true|false&#8221; custom_padding_phone=&#8221;45px||45px||true|false&#8221; border_width_bottom=&#8221;1px&#8221; border_color_bottom=&#8221;#CECECE&#8221; global_colors_info=&#8221;{}&#8221;][et_pb_column type=&#8221;1_2&#8243; _builder_version=&#8221;4.27.0&#8243; _module_preset=&#8221;default&#8221; global_colors_info=&#8221;{}&#8221;][et_pb_text admin_label=&#8221;\u00c9tude de cas : prot\u00e9ines pour kit de d\u00e9tection&#8221; _builder_version=&#8221;4.27.0&#8243; _module_preset=&#8221;8c759c02-2744-4ca9-9818-ac89c563a4f9&#8243; global_colors_info=&#8221;{}&#8221;]<\/p>\n<h2>Case Study: <span style=\"color: #3f60ad;\">Proteins<br \/>for Detection Kit<\/span><\/h2>\n<p>[\/et_pb_text][et_pb_text admin_label=&#8221;\u00c9tude de s\u00e9ropr\u00e9valence durant la pand\u00e9mie:&#8221; _builder_version=&#8221;4.27.0&#8243; _module_preset=&#8221;1f26199a-d849-450c-90b9-d2e904d528e2&#8243; global_colors_info=&#8221;{}&#8221;]<\/p>\n<p><strong>Seroprevalence Study During the Pandemic:<\/strong><\/p>\n<p><\/p>\n<p>The platform provided the SARS-CoV-2 N protein to estimate the progression of population immunity in Quebec during the pandemic.<br \/>Four scientific articles were published, and two studies were conducted.<\/p>\n<p>[\/et_pb_text][et_pb_button button_url=&#8221;https:\/\/proteiplus.ca\/en\/contact-us\/#formulaire&#8221; button_text=&#8221;Learn more&#8221; _builder_version=&#8221;4.27.4&#8243; _module_preset=&#8221;default&#8221; custom_button=&#8221;on&#8221; button_text_color=&#8221;#FFFFFF&#8221; button_bg_color=&#8221;#3F60AD&#8221; button_border_color=&#8221;#3F60AD&#8221; button_font=&#8221;&#8211;et_global_heading_font|700|||||||&#8221; button_text_size_tablet=&#8221;17px&#8221; button_text_size_phone=&#8221;15px&#8221; button_text_size_last_edited=&#8221;on|phone&#8221; global_colors_info=&#8221;{}&#8221; button_bg_color__hover_enabled=&#8221;on|hover&#8221; button_bg_color__hover=&#8221;#567FDE&#8221; button_bg_enable_color__hover=&#8221;on&#8221; button_border_color__hover_enabled=&#8221;on|hover&#8221; button_border_color__hover=&#8221;#567FDE&#8221;][\/et_pb_button][\/et_pb_column][et_pb_column type=&#8221;1_2&#8243; _builder_version=&#8221;4.27.0&#8243; _module_preset=&#8221;default&#8221; global_colors_info=&#8221;{}&#8221;][et_pb_image src=&#8221;https:\/\/proteiplus.ca\/wp-content\/uploads\/2025\/09\/kit-de-detection.png&#8221; title_text=&#8221;detection kit&#8221; _builder_version=&#8221;4.27.0&#8243; _module_preset=&#8221;default&#8221; width=&#8221;80%&#8221; width_tablet=&#8221;60%&#8221; width_phone=&#8221;80%&#8221; width_last_edited=&#8221;on|desktop&#8221; module_alignment=&#8221;center&#8221; scroll_vertical_motion_enable=&#8221;on&#8221; scroll_vertical_motion=&#8221;0|50|50|100|1.5|0|0&#8243; motion_trigger_start=&#8221;top&#8221; global_colors_info=&#8221;{}&#8221;][\/et_pb_image][\/et_pb_column][\/et_pb_row][et_pb_row column_structure=&#8221;1_2,1_2&#8243; use_custom_gutter=&#8221;on&#8221; gutter_width=&#8221;2&#8243; make_equal=&#8221;on&#8221; custom_padding_last_edited=&#8221;on|tablet&#8221; module_class=&#8221;row-90 row-contenu&#8221; _builder_version=&#8221;4.27.0&#8243; _module_preset=&#8221;default&#8221; custom_padding=&#8221;70px||70px||false|false&#8221; custom_padding_tablet=&#8221;45px||45px||true|false&#8221; custom_padding_phone=&#8221;45px||45px||true|false&#8221; border_width_bottom=&#8221;1px&#8221; border_color_bottom=&#8221;#CECECE&#8221; global_colors_info=&#8221;{}&#8221;][et_pb_column type=&#8221;1_2&#8243; _builder_version=&#8221;4.27.0&#8243; _module_preset=&#8221;default&#8221; global_colors_info=&#8221;{}&#8221;][et_pb_text admin_label=&#8221;\u00c9tude de cas : Production de nanobodies&#8221; _builder_version=&#8221;4.27.0&#8243; _module_preset=&#8221;8c759c02-2744-4ca9-9818-ac89c563a4f9&#8243; global_colors_info=&#8221;{}&#8221;]<\/p>\n<h2>Case Study: <span style=\"color: #3f60ad;\">Nanobody Production<\/span><\/h2>\n<p>[\/et_pb_text][et_pb_text admin_label=&#8221;Remplacement des antibiotiques par des prot\u00e9ines (nanobodies) dans les \u00e9levages industriels:&#8221; _builder_version=&#8221;4.27.0&#8243; _module_preset=&#8221;1f26199a-d849-450c-90b9-d2e904d528e2&#8243; global_colors_info=&#8221;{}&#8221;]<\/p>\n<p><strong>Replacement of Antibiotics with Proteins (Nanobodies) in Industrial Farms:<\/strong><\/p>\n<p><\/p>\n<p>Design and optimization of nanobody production to reach a cost-effective threshold.<\/p>\n<p>[\/et_pb_text][et_pb_button button_url=&#8221;https:\/\/proteiplus.ca\/en\/contact-us\/#formulaire&#8221; button_text=&#8221;Learn more&#8221; _builder_version=&#8221;4.27.4&#8243; _module_preset=&#8221;default&#8221; custom_button=&#8221;on&#8221; button_text_color=&#8221;#FFFFFF&#8221; button_bg_color=&#8221;#3F60AD&#8221; button_border_color=&#8221;#3F60AD&#8221; button_font=&#8221;&#8211;et_global_heading_font|700|||||||&#8221; button_text_size_tablet=&#8221;17px&#8221; button_text_size_phone=&#8221;15px&#8221; button_text_size_last_edited=&#8221;on|phone&#8221; global_colors_info=&#8221;{}&#8221; button_bg_color__hover_enabled=&#8221;on|hover&#8221; button_bg_color__hover=&#8221;#567FDE&#8221; button_bg_enable_color__hover=&#8221;on&#8221; button_border_color__hover_enabled=&#8221;on|hover&#8221; button_border_color__hover=&#8221;#567FDE&#8221;][\/et_pb_button][\/et_pb_column][et_pb_column type=&#8221;1_2&#8243; _builder_version=&#8221;4.27.0&#8243; _module_preset=&#8221;default&#8221; global_colors_info=&#8221;{}&#8221;][et_pb_image src=&#8221;https:\/\/proteiplus.ca\/wp-content\/uploads\/2025\/09\/Production-de-nanobodies.png&#8221; title_text=&#8221;Nanobody production&#8221; _builder_version=&#8221;4.27.0&#8243; _module_preset=&#8221;default&#8221; width=&#8221;80%&#8221; width_tablet=&#8221;60%&#8221; width_phone=&#8221;80%&#8221; width_last_edited=&#8221;on|desktop&#8221; module_alignment=&#8221;center&#8221; scroll_vertical_motion_enable=&#8221;on&#8221; scroll_vertical_motion=&#8221;0|50|50|100|1.5|0|0&#8243; motion_trigger_start=&#8221;top&#8221; global_colors_info=&#8221;{}&#8221;][\/et_pb_image][\/et_pb_column][\/et_pb_row][\/et_pb_section]<\/p>\n","protected":false},"excerpt":{"rendered":"<p>R\u00e9alisationsCase Study: Developmentof a Protein RangeDevelopment of high-value algae-based ingredients through enzymatic hydrolysisThe platform has developed all the steps to produce the proteins cost-effectively for the companyCase Study: Developmentof a Protein RangeDevelopment of high-value algae-based ingredients through enzymatic hydrolysis:The platform developed all the steps to produce the proteins cost-effectively for the company.Case Study: Proteinsfor Detection [&hellip;]<\/p>\n","protected":false},"author":1,"featured_media":427,"parent":0,"menu_order":0,"comment_status":"closed","ping_status":"closed","template":"","meta":{"_et_pb_use_builder":"on","_et_pb_old_content":"","_et_gb_content_width":"","footnotes":""},"dipi_cpt_category":[],"class_list":["post-465","page","type-page","status-publish","has-post-thumbnail","hentry"],"yoast_head":"<!-- This site is optimized with the Yoast SEO plugin v26.9 - https:\/\/yoast.com\/product\/yoast-seo-wordpress\/ -->\n<title>Achievements | Protei+<\/title>\n<meta name=\"description\" content=\"Discover ProteiPlus&#039; achievements: case studies in customized protein bioproduction and enzymatic hydrolysis.\" \/>\n<meta name=\"robots\" content=\"index, follow, max-snippet:-1, max-image-preview:large, max-video-preview:-1\" \/>\n<link rel=\"canonical\" href=\"https:\/\/proteiplus.ca\/en\/achievements\/\" \/>\n<meta property=\"og:locale\" content=\"en_US\" \/>\n<meta property=\"og:type\" content=\"article\" \/>\n<meta property=\"og:title\" content=\"Achievements | Protei+\" \/>\n<meta property=\"og:description\" content=\"A CNETE service with over 30 years of expertise in precision fermentation. Benefit from privileged access to cutting-edge infrastructure and tailored support to develop, optimize, and scale your biotechnological processes.\" \/>\n<meta property=\"og:url\" content=\"https:\/\/proteiplus.ca\/en\/achievements\/\" \/>\n<meta property=\"og:site_name\" content=\"Protei+\" \/>\n<meta property=\"article:modified_time\" content=\"2026-01-16T14:17:52+00:00\" \/>\n<meta property=\"og:image\" content=\"https:\/\/proteiplus.ca\/wp-content\/uploads\/2025\/09\/Partage-sur-les-reseaux-1024x512.jpg\" \/>\n<meta name=\"twitter:card\" content=\"summary_large_image\" \/>\n<meta name=\"twitter:title\" content=\"Achievements | Protei+\" \/>\n<meta name=\"twitter:description\" content=\"A CNETE service with over 30 years of expertise in precision fermentation. Benefit from privileged access to cutting-edge infrastructure and tailored support to develop, optimize, and scale your biotechnological processes.\" \/>\n<meta name=\"twitter:image\" content=\"https:\/\/proteiplus.ca\/wp-content\/uploads\/2025\/09\/Partage-sur-les-reseaux-1024x512.jpg\" \/>\n<meta name=\"twitter:label1\" content=\"Est. reading time\" \/>\n\t<meta name=\"twitter:data1\" content=\"8 minutes\" \/>\n<script type=\"application\/ld+json\" class=\"yoast-schema-graph\">{\"@context\":\"https:\/\/schema.org\",\"@graph\":[{\"@type\":\"WebPage\",\"@id\":\"https:\/\/proteiplus.ca\/en\/achievements\/\",\"url\":\"https:\/\/proteiplus.ca\/en\/achievements\/\",\"name\":\"Achievements | Protei+\",\"isPartOf\":{\"@id\":\"https:\/\/proteiplus.ca\/en\/#website\"},\"primaryImageOfPage\":{\"@id\":\"https:\/\/proteiplus.ca\/en\/achievements\/#primaryimage\"},\"image\":{\"@id\":\"https:\/\/proteiplus.ca\/en\/achievements\/#primaryimage\"},\"thumbnailUrl\":\"https:\/\/proteiplus.ca\/wp-content\/uploads\/2025\/09\/Partage-sur-les-reseaux.jpg\",\"datePublished\":\"2025-09-02T17:18:16+00:00\",\"dateModified\":\"2026-01-16T14:17:52+00:00\",\"description\":\"Discover ProteiPlus' achievements: case studies in customized protein bioproduction and enzymatic hydrolysis.\",\"breadcrumb\":{\"@id\":\"https:\/\/proteiplus.ca\/en\/achievements\/#breadcrumb\"},\"inLanguage\":\"en-US\",\"potentialAction\":[{\"@type\":\"ReadAction\",\"target\":[\"https:\/\/proteiplus.ca\/en\/achievements\/\"]}]},{\"@type\":\"ImageObject\",\"inLanguage\":\"en-US\",\"@id\":\"https:\/\/proteiplus.ca\/en\/achievements\/#primaryimage\",\"url\":\"https:\/\/proteiplus.ca\/wp-content\/uploads\/2025\/09\/Partage-sur-les-reseaux.jpg\",\"contentUrl\":\"https:\/\/proteiplus.ca\/wp-content\/uploads\/2025\/09\/Partage-sur-les-reseaux.jpg\",\"width\":1200,\"height\":600,\"caption\":\"Share on social media\"},{\"@type\":\"BreadcrumbList\",\"@id\":\"https:\/\/proteiplus.ca\/en\/achievements\/#breadcrumb\",\"itemListElement\":[{\"@type\":\"ListItem\",\"position\":1,\"name\":\"Home\",\"item\":\"https:\/\/proteiplus.ca\/en\/\"},{\"@type\":\"ListItem\",\"position\":2,\"name\":\"Achievements\"}]},{\"@type\":\"WebSite\",\"@id\":\"https:\/\/proteiplus.ca\/en\/#website\",\"url\":\"https:\/\/proteiplus.ca\/en\/\",\"name\":\"Protei+\",\"description\":\"Production sp\u00e9cialis\u00e9e adapt\u00e9e\",\"potentialAction\":[{\"@type\":\"SearchAction\",\"target\":{\"@type\":\"EntryPoint\",\"urlTemplate\":\"https:\/\/proteiplus.ca\/en\/?s={search_term_string}\"},\"query-input\":{\"@type\":\"PropertyValueSpecification\",\"valueRequired\":true,\"valueName\":\"search_term_string\"}}],\"inLanguage\":\"en-US\"}]}<\/script>\n<!-- \/ Yoast SEO plugin. -->","yoast_head_json":{"title":"Achievements | Protei+","description":"Discover ProteiPlus' achievements: case studies in customized protein bioproduction and enzymatic hydrolysis.","robots":{"index":"index","follow":"follow","max-snippet":"max-snippet:-1","max-image-preview":"max-image-preview:large","max-video-preview":"max-video-preview:-1"},"canonical":"https:\/\/proteiplus.ca\/en\/achievements\/","og_locale":"en_US","og_type":"article","og_title":"Achievements | Protei+","og_description":"A CNETE service with over 30 years of expertise in precision fermentation. Benefit from privileged access to cutting-edge infrastructure and tailored support to develop, optimize, and scale your biotechnological processes.","og_url":"https:\/\/proteiplus.ca\/en\/achievements\/","og_site_name":"Protei+","article_modified_time":"2026-01-16T14:17:52+00:00","og_image":[{"url":"https:\/\/proteiplus.ca\/wp-content\/uploads\/2025\/09\/Partage-sur-les-reseaux-1024x512.jpg","type":"","width":"","height":""}],"twitter_card":"summary_large_image","twitter_title":"Achievements | Protei+","twitter_description":"A CNETE service with over 30 years of expertise in precision fermentation. Benefit from privileged access to cutting-edge infrastructure and tailored support to develop, optimize, and scale your biotechnological processes.","twitter_image":"https:\/\/proteiplus.ca\/wp-content\/uploads\/2025\/09\/Partage-sur-les-reseaux-1024x512.jpg","twitter_misc":{"Est. reading time":"8 minutes"},"schema":{"@context":"https:\/\/schema.org","@graph":[{"@type":"WebPage","@id":"https:\/\/proteiplus.ca\/en\/achievements\/","url":"https:\/\/proteiplus.ca\/en\/achievements\/","name":"Achievements | Protei+","isPartOf":{"@id":"https:\/\/proteiplus.ca\/en\/#website"},"primaryImageOfPage":{"@id":"https:\/\/proteiplus.ca\/en\/achievements\/#primaryimage"},"image":{"@id":"https:\/\/proteiplus.ca\/en\/achievements\/#primaryimage"},"thumbnailUrl":"https:\/\/proteiplus.ca\/wp-content\/uploads\/2025\/09\/Partage-sur-les-reseaux.jpg","datePublished":"2025-09-02T17:18:16+00:00","dateModified":"2026-01-16T14:17:52+00:00","description":"Discover ProteiPlus' achievements: case studies in customized protein bioproduction and enzymatic hydrolysis.","breadcrumb":{"@id":"https:\/\/proteiplus.ca\/en\/achievements\/#breadcrumb"},"inLanguage":"en-US","potentialAction":[{"@type":"ReadAction","target":["https:\/\/proteiplus.ca\/en\/achievements\/"]}]},{"@type":"ImageObject","inLanguage":"en-US","@id":"https:\/\/proteiplus.ca\/en\/achievements\/#primaryimage","url":"https:\/\/proteiplus.ca\/wp-content\/uploads\/2025\/09\/Partage-sur-les-reseaux.jpg","contentUrl":"https:\/\/proteiplus.ca\/wp-content\/uploads\/2025\/09\/Partage-sur-les-reseaux.jpg","width":1200,"height":600,"caption":"Share on social media"},{"@type":"BreadcrumbList","@id":"https:\/\/proteiplus.ca\/en\/achievements\/#breadcrumb","itemListElement":[{"@type":"ListItem","position":1,"name":"Home","item":"https:\/\/proteiplus.ca\/en\/"},{"@type":"ListItem","position":2,"name":"Achievements"}]},{"@type":"WebSite","@id":"https:\/\/proteiplus.ca\/en\/#website","url":"https:\/\/proteiplus.ca\/en\/","name":"Protei+","description":"Production sp\u00e9cialis\u00e9e adapt\u00e9e","potentialAction":[{"@type":"SearchAction","target":{"@type":"EntryPoint","urlTemplate":"https:\/\/proteiplus.ca\/en\/?s={search_term_string}"},"query-input":{"@type":"PropertyValueSpecification","valueRequired":true,"valueName":"search_term_string"}}],"inLanguage":"en-US"}]}},"_links":{"self":[{"href":"https:\/\/proteiplus.ca\/en\/wp-json\/wp\/v2\/pages\/465","targetHints":{"allow":["GET"]}}],"collection":[{"href":"https:\/\/proteiplus.ca\/en\/wp-json\/wp\/v2\/pages"}],"about":[{"href":"https:\/\/proteiplus.ca\/en\/wp-json\/wp\/v2\/types\/page"}],"author":[{"embeddable":true,"href":"https:\/\/proteiplus.ca\/en\/wp-json\/wp\/v2\/users\/1"}],"replies":[{"embeddable":true,"href":"https:\/\/proteiplus.ca\/en\/wp-json\/wp\/v2\/comments?post=465"}],"version-history":[{"count":5,"href":"https:\/\/proteiplus.ca\/en\/wp-json\/wp\/v2\/pages\/465\/revisions"}],"predecessor-version":[{"id":516,"href":"https:\/\/proteiplus.ca\/en\/wp-json\/wp\/v2\/pages\/465\/revisions\/516"}],"wp:featuredmedia":[{"embeddable":true,"href":"https:\/\/proteiplus.ca\/en\/wp-json\/wp\/v2\/media\/427"}],"wp:attachment":[{"href":"https:\/\/proteiplus.ca\/en\/wp-json\/wp\/v2\/media?parent=465"}],"wp:term":[{"taxonomy":"dipi_cpt_category","embeddable":true,"href":"https:\/\/proteiplus.ca\/en\/wp-json\/wp\/v2\/dipi_cpt_category?post=465"}],"curies":[{"name":"wp","href":"https:\/\/api.w.org\/{rel}","templated":true}]}}