{"id":457,"date":"2025-09-02T13:18:36","date_gmt":"2025-09-02T17:18:36","guid":{"rendered":"https:\/\/proteiplus.ca\/customized-proteins\/"},"modified":"2026-01-23T08:54:46","modified_gmt":"2026-01-23T13:54:46","slug":"customized-proteins","status":"publish","type":"page","link":"https:\/\/proteiplus.ca\/en\/customized-proteins\/","title":{"rendered":"Customized proteins"},"content":{"rendered":"<p>[et_pb_section fb_built=&#8221;1&#8243; custom_padding_last_edited=&#8221;on|desktop&#8221; admin_label=&#8221;Expertise compl\u00e8te en bioproduction&#8221; module_class=&#8221;section-header&#8221; _builder_version=&#8221;4.27.0&#8243; _module_preset=&#8221;default&#8221; use_background_color_gradient=&#8221;on&#8221; background_color_gradient_stops=&#8221;rgba(0,0,0,0.42) 0%|rgba(0,0,0,0.42) 100%&#8221; background_color_gradient_overlays_image=&#8221;on&#8221; background_image=&#8221;https:\/\/proteiplus.ca\/wp-content\/uploads\/2025\/09\/background_expertise.jpg&#8221; custom_padding=&#8221;140px||140px||true|false&#8221; custom_padding_tablet=&#8221;90px||90px||true|false&#8221; custom_padding_phone=&#8221;60px||60px||true|false&#8221; global_colors_info=&#8221;{}&#8221;][et_pb_row module_class=&#8221;row-90 row-contenu&#8221; _builder_version=&#8221;4.27.0&#8243; _module_preset=&#8221;default&#8221; custom_padding=&#8221;0px||0px||true|false&#8221; animation_style=&#8221;fade&#8221; animation_duration=&#8221;1200ms&#8221; global_colors_info=&#8221;{}&#8221;][et_pb_column type=&#8221;4_4&#8243; _builder_version=&#8221;4.27.0&#8243; _module_preset=&#8221;default&#8221; global_colors_info=&#8221;{}&#8221;][et_pb_text admin_label=&#8221;Expertise compl\u00e8te en bioproduction&#8221; _builder_version=&#8221;4.27.4&#8243; _module_preset=&#8221;5e8db021-d680-4755-8596-33378bac2b45&#8243; global_colors_info=&#8221;{}&#8221;]<\/p>\n<h1>Customized proteins<\/h1>\n<p>[\/et_pb_text][\/et_pb_column][\/et_pb_row][\/et_pb_section][et_pb_section fb_built=&#8221;1&#8243; module_class=&#8221;section-expertise&#8221; _builder_version=&#8221;4.27.0&#8243; _module_preset=&#8221;default&#8221; global_colors_info=&#8221;{}&#8221;][et_pb_row use_custom_gutter=&#8221;on&#8221; gutter_width=&#8221;2&#8243; make_equal=&#8221;on&#8221; custom_padding_last_edited=&#8221;on|tablet&#8221; module_class=&#8221;row-90 row-contenu row-expertise&#8221; _builder_version=&#8221;4.27.4&#8243; _module_preset=&#8221;default&#8221; custom_padding=&#8221;0px||0px||true|false&#8221; custom_padding_tablet=&#8221;0px||||false|false&#8221; custom_padding_phone=&#8221;0px||||false|false&#8221; global_colors_info=&#8221;{}&#8221;][et_pb_column type=&#8221;4_4&#8243; _builder_version=&#8221;4.27.0&#8243; _module_preset=&#8221;default&#8221; custom_css_main_element=&#8221;display: -webkit-box;||  display: -moz-box;||  display: -webkit-flex;||  display: -ms-flexbox;||  display: flex;||||-webkit-justify-content:flex-start;||justify-content:flex-start;||||-moz-flex-direction:column;||-ms-flex-direction:column;||-webkit-flex-direction:column;||flex-direction:column;&#8221; global_colors_info=&#8221;{}&#8221;][et_pb_text admin_label=&#8221;Production interm\u00e9diaire de 1L \u00e0 700L.&#8221; _builder_version=&#8221;4.27.4&#8243; _module_preset=&#8221;1f26199a-d849-450c-90b9-d2e904d528e2&#8243; text_orientation=&#8221;center&#8221; custom_margin=&#8221;||50px||false|false&#8221; global_colors_info=&#8221;{}&#8221;]<\/p>\n<p>At CNETE, we offer a comprehensive service for the design and production of specialized proteins tailored to your needs. Our expertise covers the entire development cycle, from proof of concept to industrial validation, with cutting-edge skills in\u202f<\/p>\n<p>[\/et_pb_text][\/et_pb_column][\/et_pb_row][et_pb_row column_structure=&#8221;1_2,1_6,1_6,1_6&#8243; use_custom_gutter=&#8221;on&#8221; gutter_width=&#8221;2&#8243; make_equal=&#8221;on&#8221; custom_padding_last_edited=&#8221;on|tablet&#8221; module_class=&#8221;row-90 row-contenu row-expertise&#8221; _builder_version=&#8221;4.27.0&#8243; _module_preset=&#8221;default&#8221; custom_padding=&#8221;0px||0px||true|false&#8221; custom_padding_tablet=&#8221;0px||||false|false&#8221; custom_padding_phone=&#8221;0px||||false|false&#8221; global_colors_info=&#8221;{}&#8221;][et_pb_column type=&#8221;1_2&#8243; module_class=&#8221;colonne-un&#8221; _builder_version=&#8221;4.27.0&#8243; _module_preset=&#8221;default&#8221; custom_css_main_element=&#8221;display: -webkit-box;||  display: -moz-box;||  display: -webkit-flex;||  display: -ms-flexbox;||  display: flex;||||-webkit-justify-content:center;||justify-content:center;||||-moz-flex-direction:column;||-ms-flex-direction:column;||-webkit-flex-direction:column;||flex-direction:column;&#8221; global_colors_info=&#8221;{}&#8221;][et_pb_image src=&#8221;https:\/\/proteiplus.ca\/wp-content\/uploads\/2025\/09\/notre-expertise-complete.png&#8221; title_text=&#8221;our comprehensive expertise&#8221; _builder_version=&#8221;4.27.0&#8243; _module_preset=&#8221;default&#8221; width=&#8221;75%&#8221; width_tablet=&#8221;60%&#8221; width_phone=&#8221;80%&#8221; width_last_edited=&#8221;on|desktop&#8221; module_alignment=&#8221;center&#8221; scroll_vertical_motion_enable=&#8221;on&#8221; scroll_vertical_motion=&#8221;0|50|50|100|1.5|0|0&#8243; motion_trigger_start=&#8221;top&#8221; global_colors_info=&#8221;{}&#8221;][\/et_pb_image][\/et_pb_column][et_pb_column type=&#8221;1_6&#8243; _builder_version=&#8221;4.27.0&#8243; _module_preset=&#8221;default&#8221; custom_css_main_element=&#8221;display: -webkit-box;||  display: -moz-box;||  display: -webkit-flex;||  display: -ms-flexbox;||  display: flex;||||-webkit-justify-content:flex-start;||justify-content:flex-start;||||-moz-flex-direction:column;||-ms-flex-direction:column;||-webkit-flex-direction:column;||flex-direction:column;&#8221; global_colors_info=&#8221;{}&#8221;][et_pb_image src=&#8221;https:\/\/proteiplus.ca\/wp-content\/uploads\/2025\/09\/icon_expertise.png&#8221; title_text=&#8221;icon_expertise&#8221; _builder_version=&#8221;4.27.0&#8243; _module_preset=&#8221;default&#8221; width=&#8221;40%&#8221; width_tablet=&#8221;35%&#8221; width_phone=&#8221;25%&#8221; width_last_edited=&#8221;on|desktop&#8221; module_alignment=&#8221;center&#8221; custom_margin=&#8221;||20px||false|false&#8221; custom_margin_tablet=&#8221;||20px||false|false&#8221; custom_margin_phone=&#8221;||20px||false|false&#8221; custom_margin_last_edited=&#8221;on|desktop&#8221; global_colors_info=&#8221;{}&#8221;][\/et_pb_image][et_pb_text admin_label=&#8221;Ing\u00e9nierie microbienne et preuve de concept&#8221; _builder_version=&#8221;4.27.4&#8243; _module_preset=&#8221;3ee82103-637f-470d-8d5b-83f47836788f&#8221; global_colors_info=&#8221;{}&#8221;]<\/p>\n<h4>Microbial Engineering <br \/>and Proof of Concept<\/h4>\n<p>[\/et_pb_text][et_pb_text admin_label=&#8221;Conception et validation en laboratoire&#8221; _builder_version=&#8221;4.27.0&#8243; _module_preset=&#8221;1f26199a-d849-450c-90b9-d2e904d528e2&#8243; text_orientation=&#8221;center&#8221; custom_margin=&#8221;||50px||false|false&#8221; global_colors_info=&#8221;{}&#8221;]<\/p>\n<p>Design and validation in the laboratory<\/p>\n<p>[\/et_pb_text][et_pb_image src=&#8221;https:\/\/proteiplus.ca\/wp-content\/uploads\/2025\/09\/icon_expertise.png&#8221; title_text=&#8221;icon_expertise&#8221; _builder_version=&#8221;4.27.0&#8243; _module_preset=&#8221;default&#8221; width=&#8221;40%&#8221; width_tablet=&#8221;35%&#8221; width_phone=&#8221;25%&#8221; width_last_edited=&#8221;on|desktop&#8221; module_alignment=&#8221;center&#8221; custom_margin=&#8221;||20px||false|false&#8221; custom_margin_tablet=&#8221;||20px||false|false&#8221; custom_margin_phone=&#8221;||20px||false|false&#8221; custom_margin_last_edited=&#8221;on|desktop&#8221; global_colors_info=&#8221;{}&#8221;][\/et_pb_image][et_pb_text admin_label=&#8221;Purification et formulation&#8221; _builder_version=&#8221;4.27.0&#8243; _module_preset=&#8221;3ee82103-637f-470d-8d5b-83f47836788f&#8221; global_colors_info=&#8221;{}&#8221;]<\/p>\n<h4>Purification<br \/>and Formulation<\/h4>\n<p>[\/et_pb_text][et_pb_text admin_label=&#8221;S\u00e9paration et standardisation des prot\u00e9ines produites.&#8221; _builder_version=&#8221;4.27.0&#8243; _module_preset=&#8221;1f26199a-d849-450c-90b9-d2e904d528e2&#8243; text_orientation=&#8221;center&#8221; global_colors_info=&#8221;{}&#8221;]<\/p>\n<p>Separation and standardization of the proteins produced.<\/p>\n<p>[\/et_pb_text][\/et_pb_column][et_pb_column type=&#8221;1_6&#8243; _builder_version=&#8221;4.27.0&#8243; _module_preset=&#8221;default&#8221; custom_css_main_element=&#8221;display: -webkit-box;||  display: -moz-box;||  display: -webkit-flex;||  display: -ms-flexbox;||  display: flex;||||-webkit-justify-content:flex-start;||justify-content:flex-start;||||-moz-flex-direction:column;||-ms-flex-direction:column;||-webkit-flex-direction:column;||flex-direction:column;&#8221; global_colors_info=&#8221;{}&#8221;][et_pb_image src=&#8221;https:\/\/proteiplus.ca\/wp-content\/uploads\/2025\/09\/icon_expertise.png&#8221; title_text=&#8221;icon_expertise&#8221; _builder_version=&#8221;4.27.0&#8243; _module_preset=&#8221;default&#8221; width=&#8221;40%&#8221; width_tablet=&#8221;35%&#8221; width_phone=&#8221;25%&#8221; width_last_edited=&#8221;on|desktop&#8221; module_alignment=&#8221;center&#8221; custom_margin=&#8221;||20px||false|false&#8221; custom_margin_tablet=&#8221;||20px||false|false&#8221; custom_margin_phone=&#8221;||20px||false|false&#8221; custom_margin_last_edited=&#8221;on|desktop&#8221; global_colors_info=&#8221;{}&#8221;][\/et_pb_image][et_pb_text admin_label=&#8221;Optimisation des bioproc\u00e9d\u00e9s&#8221; _builder_version=&#8221;4.27.0&#8243; _module_preset=&#8221;3ee82103-637f-470d-8d5b-83f47836788f&#8221; global_colors_info=&#8221;{}&#8221;]<\/p>\n<h4>Bioprocess<br \/>Optimization<\/h4>\n<p>[\/et_pb_text][et_pb_text admin_label=&#8221;D\u00e9veloppement des conditions id\u00e9ales de production.&#8221; _builder_version=&#8221;4.27.0&#8243; _module_preset=&#8221;1f26199a-d849-450c-90b9-d2e904d528e2&#8243; text_orientation=&#8221;center&#8221; custom_margin=&#8221;||50px||false|false&#8221; global_colors_info=&#8221;{}&#8221;]<\/p>\n<p>Development of ideal production conditions.<\/p>\n<p>[\/et_pb_text][et_pb_image src=&#8221;https:\/\/proteiplus.ca\/wp-content\/uploads\/2025\/09\/icon_expertise.png&#8221; title_text=&#8221;icon_expertise&#8221; _builder_version=&#8221;4.27.0&#8243; _module_preset=&#8221;default&#8221; width=&#8221;40%&#8221; width_tablet=&#8221;35%&#8221; width_phone=&#8221;25%&#8221; width_last_edited=&#8221;on|desktop&#8221; module_alignment=&#8221;center&#8221; custom_margin=&#8221;||20px||false|false&#8221; custom_margin_tablet=&#8221;||20px||false|false&#8221; custom_margin_phone=&#8221;||20px||false|false&#8221; custom_margin_last_edited=&#8221;on|desktop&#8221; global_colors_info=&#8221;{}&#8221;][\/et_pb_image][et_pb_text admin_label=&#8221;Transfert industriel et validation&#8221; _builder_version=&#8221;4.27.0&#8243; _module_preset=&#8221;3ee82103-637f-470d-8d5b-83f47836788f&#8221; global_colors_info=&#8221;{}&#8221;]<\/p>\n<h4>Industrial<br \/>Transfer and Validation<\/h4>\n<p>[\/et_pb_text][et_pb_text admin_label=&#8221;Pr\u00e9paration pour la production commerciale et respect des normes.&#8221; _builder_version=&#8221;4.27.0&#8243; _module_preset=&#8221;1f26199a-d849-450c-90b9-d2e904d528e2&#8243; text_orientation=&#8221;center&#8221; global_colors_info=&#8221;{}&#8221;]<\/p>\n<p>Preparation for commercial production and compliance with standards.<\/p>\n<p>[\/et_pb_text][\/et_pb_column][et_pb_column type=&#8221;1_6&#8243; _builder_version=&#8221;4.27.0&#8243; _module_preset=&#8221;default&#8221; custom_css_main_element=&#8221;display: -webkit-box;||  display: -moz-box;||  display: -webkit-flex;||  display: -ms-flexbox;||  display: flex;||||-webkit-justify-content:flex-start;||justify-content:flex-start;||||-moz-flex-direction:column;||-ms-flex-direction:column;||-webkit-flex-direction:column;||flex-direction:column;&#8221; global_colors_info=&#8221;{}&#8221;][et_pb_image src=&#8221;https:\/\/proteiplus.ca\/wp-content\/uploads\/2025\/09\/icon_expertise.png&#8221; title_text=&#8221;icon_expertise&#8221; _builder_version=&#8221;4.27.0&#8243; _module_preset=&#8221;default&#8221; width=&#8221;40%&#8221; width_tablet=&#8221;35%&#8221; width_phone=&#8221;25%&#8221; width_last_edited=&#8221;on|desktop&#8221; module_alignment=&#8221;center&#8221; custom_margin=&#8221;||20px||false|false&#8221; custom_margin_tablet=&#8221;||20px||false|false&#8221; custom_margin_phone=&#8221;||20px||false|false&#8221; custom_margin_last_edited=&#8221;on|desktop&#8221; global_colors_info=&#8221;{}&#8221;][\/et_pb_image][et_pb_text admin_label=&#8221;Mise \u00e0 l\u2019\u00e9chelle en bior\u00e9acteur&#8221; _builder_version=&#8221;4.27.0&#8243; _module_preset=&#8221;3ee82103-637f-470d-8d5b-83f47836788f&#8221; global_colors_info=&#8221;{}&#8221;]<\/p>\n<h4>Scale-up<br \/>in Bioreactor<\/h4>\n<p>[\/et_pb_text][et_pb_text admin_label=&#8221;Production interm\u00e9diaire de 1L \u00e0 700L.&#8221; _builder_version=&#8221;4.27.0&#8243; _module_preset=&#8221;1f26199a-d849-450c-90b9-d2e904d528e2&#8243; text_orientation=&#8221;center&#8221; custom_margin=&#8221;||50px||false|false&#8221; global_colors_info=&#8221;{}&#8221;]<\/p>\n<p>Intermediate production<br \/>from 1L to 700L.<\/p>\n<p>[\/et_pb_text][et_pb_image src=&#8221;https:\/\/proteiplus.ca\/wp-content\/uploads\/2025\/09\/icon_expertise.png&#8221; title_text=&#8221;icon_expertise&#8221; _builder_version=&#8221;4.27.0&#8243; _module_preset=&#8221;default&#8221; width=&#8221;40%&#8221; width_tablet=&#8221;35%&#8221; width_phone=&#8221;25%&#8221; width_last_edited=&#8221;on|desktop&#8221; module_alignment=&#8221;center&#8221; custom_margin=&#8221;||20px||false|false&#8221; custom_margin_tablet=&#8221;||20px||false|false&#8221; custom_margin_phone=&#8221;||20px||false|false&#8221; custom_margin_last_edited=&#8221;on|desktop&#8221; global_colors_info=&#8221;{}&#8221;][\/et_pb_image][et_pb_text admin_label=&#8221;\u00c9valuation des co\u00fbts et rentabilit\u00e9&#8221; _builder_version=&#8221;4.27.0&#8243; _module_preset=&#8221;3ee82103-637f-470d-8d5b-83f47836788f&#8221; global_colors_info=&#8221;{}&#8221;]<\/p>\n<h4>Cost<br \/>and Profitability Assessment<\/h4>\n<p>[\/et_pb_text][et_pb_text admin_label=&#8221;Validation \u00e9conomique avant passage \u00e0 la production industrielle.&#8221; _builder_version=&#8221;4.27.0&#8243; _module_preset=&#8221;1f26199a-d849-450c-90b9-d2e904d528e2&#8243; text_orientation=&#8221;center&#8221; global_colors_info=&#8221;{}&#8221;]<\/p>\n<p>Economic validation before moving to industrial production.<\/p>\n<p>[\/et_pb_text][\/et_pb_column][\/et_pb_row][\/et_pb_section]<\/p>\n","protected":false},"excerpt":{"rendered":"<p>Customized proteinsAt CNETE, we offer a comprehensive service for the design and production of specialized proteins tailored to your needs. Our expertise covers the entire development cycle, from proof of concept to industrial validation, with cutting-edge skills in\u202fMicrobial Engineering and Proof of ConceptDesign and validation in the laboratoryPurificationand FormulationSeparation and standardization of the proteins produced.BioprocessOptimizationDevelopment [&hellip;]<\/p>\n","protected":false},"author":1,"featured_media":427,"parent":0,"menu_order":0,"comment_status":"closed","ping_status":"closed","template":"","meta":{"_et_pb_use_builder":"on","_et_pb_old_content":"","_et_gb_content_width":"","footnotes":""},"dipi_cpt_category":[],"class_list":["post-457","page","type-page","status-publish","has-post-thumbnail","hentry"],"yoast_head":"<!-- This site is optimized with the Yoast SEO plugin v26.9 - https:\/\/yoast.com\/product\/yoast-seo-wordpress\/ -->\n<title>Customized proteins | Protei+<\/title>\n<meta name=\"description\" content=\"Comprehensive expertise in customized protein bioproduction: design, purification, bioprocess optimization, and industrial transfer through to commercial production.\" \/>\n<meta name=\"robots\" content=\"index, follow, max-snippet:-1, max-image-preview:large, max-video-preview:-1\" \/>\n<link rel=\"canonical\" href=\"https:\/\/proteiplus.ca\/en\/customized-proteins\/\" \/>\n<meta property=\"og:locale\" content=\"en_US\" \/>\n<meta property=\"og:type\" content=\"article\" \/>\n<meta property=\"og:title\" content=\"Customized proteins | Protei+\" \/>\n<meta property=\"og:description\" content=\"A CNETE service with over 30 years of expertise in precision fermentation. Benefit from privileged access to cutting-edge infrastructure and tailored support to develop, optimize, and scale your biotechnological processes.\" \/>\n<meta property=\"og:url\" content=\"https:\/\/proteiplus.ca\/en\/customized-proteins\/\" \/>\n<meta property=\"og:site_name\" content=\"Protei+\" \/>\n<meta property=\"article:modified_time\" content=\"2026-01-23T13:54:46+00:00\" \/>\n<meta property=\"og:image\" content=\"https:\/\/proteiplus.ca\/wp-content\/uploads\/2025\/09\/Partage-sur-les-reseaux-1024x512.jpg\" \/>\n<meta name=\"twitter:card\" content=\"summary_large_image\" \/>\n<meta name=\"twitter:title\" content=\"Customized proteins | Protei+\" \/>\n<meta name=\"twitter:description\" content=\"A CNETE service with over 30 years of expertise in precision fermentation. Benefit from privileged access to cutting-edge infrastructure and tailored support to develop, optimize, and scale your biotechnological processes.\" \/>\n<meta name=\"twitter:image\" content=\"https:\/\/proteiplus.ca\/wp-content\/uploads\/2025\/09\/Partage-sur-les-reseaux-1024x512.jpg\" \/>\n<meta name=\"twitter:label1\" content=\"Est. reading time\" \/>\n\t<meta name=\"twitter:data1\" content=\"7 minutes\" \/>\n<script type=\"application\/ld+json\" class=\"yoast-schema-graph\">{\"@context\":\"https:\/\/schema.org\",\"@graph\":[{\"@type\":\"WebPage\",\"@id\":\"https:\/\/proteiplus.ca\/en\/customized-proteins\/\",\"url\":\"https:\/\/proteiplus.ca\/en\/customized-proteins\/\",\"name\":\"Customized proteins | Protei+\",\"isPartOf\":{\"@id\":\"https:\/\/proteiplus.ca\/en\/#website\"},\"primaryImageOfPage\":{\"@id\":\"https:\/\/proteiplus.ca\/en\/customized-proteins\/#primaryimage\"},\"image\":{\"@id\":\"https:\/\/proteiplus.ca\/en\/customized-proteins\/#primaryimage\"},\"thumbnailUrl\":\"https:\/\/proteiplus.ca\/wp-content\/uploads\/2025\/09\/Partage-sur-les-reseaux.jpg\",\"datePublished\":\"2025-09-02T17:18:36+00:00\",\"dateModified\":\"2026-01-23T13:54:46+00:00\",\"description\":\"Comprehensive expertise in customized protein bioproduction: design, purification, bioprocess optimization, and industrial transfer through to commercial production.\",\"breadcrumb\":{\"@id\":\"https:\/\/proteiplus.ca\/en\/customized-proteins\/#breadcrumb\"},\"inLanguage\":\"en-US\",\"potentialAction\":[{\"@type\":\"ReadAction\",\"target\":[\"https:\/\/proteiplus.ca\/en\/customized-proteins\/\"]}]},{\"@type\":\"ImageObject\",\"inLanguage\":\"en-US\",\"@id\":\"https:\/\/proteiplus.ca\/en\/customized-proteins\/#primaryimage\",\"url\":\"https:\/\/proteiplus.ca\/wp-content\/uploads\/2025\/09\/Partage-sur-les-reseaux.jpg\",\"contentUrl\":\"https:\/\/proteiplus.ca\/wp-content\/uploads\/2025\/09\/Partage-sur-les-reseaux.jpg\",\"width\":1200,\"height\":600,\"caption\":\"Share on social media\"},{\"@type\":\"BreadcrumbList\",\"@id\":\"https:\/\/proteiplus.ca\/en\/customized-proteins\/#breadcrumb\",\"itemListElement\":[{\"@type\":\"ListItem\",\"position\":1,\"name\":\"Home\",\"item\":\"https:\/\/proteiplus.ca\/en\/\"},{\"@type\":\"ListItem\",\"position\":2,\"name\":\"Customized proteins\"}]},{\"@type\":\"WebSite\",\"@id\":\"https:\/\/proteiplus.ca\/en\/#website\",\"url\":\"https:\/\/proteiplus.ca\/en\/\",\"name\":\"Protei+\",\"description\":\"Production sp\u00e9cialis\u00e9e adapt\u00e9e\",\"potentialAction\":[{\"@type\":\"SearchAction\",\"target\":{\"@type\":\"EntryPoint\",\"urlTemplate\":\"https:\/\/proteiplus.ca\/en\/?s={search_term_string}\"},\"query-input\":{\"@type\":\"PropertyValueSpecification\",\"valueRequired\":true,\"valueName\":\"search_term_string\"}}],\"inLanguage\":\"en-US\"}]}<\/script>\n<!-- \/ Yoast SEO plugin. -->","yoast_head_json":{"title":"Customized proteins | Protei+","description":"Comprehensive expertise in customized protein bioproduction: design, purification, bioprocess optimization, and industrial transfer through to commercial production.","robots":{"index":"index","follow":"follow","max-snippet":"max-snippet:-1","max-image-preview":"max-image-preview:large","max-video-preview":"max-video-preview:-1"},"canonical":"https:\/\/proteiplus.ca\/en\/customized-proteins\/","og_locale":"en_US","og_type":"article","og_title":"Customized proteins | Protei+","og_description":"A CNETE service with over 30 years of expertise in precision fermentation. Benefit from privileged access to cutting-edge infrastructure and tailored support to develop, optimize, and scale your biotechnological processes.","og_url":"https:\/\/proteiplus.ca\/en\/customized-proteins\/","og_site_name":"Protei+","article_modified_time":"2026-01-23T13:54:46+00:00","og_image":[{"url":"https:\/\/proteiplus.ca\/wp-content\/uploads\/2025\/09\/Partage-sur-les-reseaux-1024x512.jpg","type":"","width":"","height":""}],"twitter_card":"summary_large_image","twitter_title":"Customized proteins | Protei+","twitter_description":"A CNETE service with over 30 years of expertise in precision fermentation. Benefit from privileged access to cutting-edge infrastructure and tailored support to develop, optimize, and scale your biotechnological processes.","twitter_image":"https:\/\/proteiplus.ca\/wp-content\/uploads\/2025\/09\/Partage-sur-les-reseaux-1024x512.jpg","twitter_misc":{"Est. reading time":"7 minutes"},"schema":{"@context":"https:\/\/schema.org","@graph":[{"@type":"WebPage","@id":"https:\/\/proteiplus.ca\/en\/customized-proteins\/","url":"https:\/\/proteiplus.ca\/en\/customized-proteins\/","name":"Customized proteins | Protei+","isPartOf":{"@id":"https:\/\/proteiplus.ca\/en\/#website"},"primaryImageOfPage":{"@id":"https:\/\/proteiplus.ca\/en\/customized-proteins\/#primaryimage"},"image":{"@id":"https:\/\/proteiplus.ca\/en\/customized-proteins\/#primaryimage"},"thumbnailUrl":"https:\/\/proteiplus.ca\/wp-content\/uploads\/2025\/09\/Partage-sur-les-reseaux.jpg","datePublished":"2025-09-02T17:18:36+00:00","dateModified":"2026-01-23T13:54:46+00:00","description":"Comprehensive expertise in customized protein bioproduction: design, purification, bioprocess optimization, and industrial transfer through to commercial production.","breadcrumb":{"@id":"https:\/\/proteiplus.ca\/en\/customized-proteins\/#breadcrumb"},"inLanguage":"en-US","potentialAction":[{"@type":"ReadAction","target":["https:\/\/proteiplus.ca\/en\/customized-proteins\/"]}]},{"@type":"ImageObject","inLanguage":"en-US","@id":"https:\/\/proteiplus.ca\/en\/customized-proteins\/#primaryimage","url":"https:\/\/proteiplus.ca\/wp-content\/uploads\/2025\/09\/Partage-sur-les-reseaux.jpg","contentUrl":"https:\/\/proteiplus.ca\/wp-content\/uploads\/2025\/09\/Partage-sur-les-reseaux.jpg","width":1200,"height":600,"caption":"Share on social media"},{"@type":"BreadcrumbList","@id":"https:\/\/proteiplus.ca\/en\/customized-proteins\/#breadcrumb","itemListElement":[{"@type":"ListItem","position":1,"name":"Home","item":"https:\/\/proteiplus.ca\/en\/"},{"@type":"ListItem","position":2,"name":"Customized proteins"}]},{"@type":"WebSite","@id":"https:\/\/proteiplus.ca\/en\/#website","url":"https:\/\/proteiplus.ca\/en\/","name":"Protei+","description":"Production sp\u00e9cialis\u00e9e adapt\u00e9e","potentialAction":[{"@type":"SearchAction","target":{"@type":"EntryPoint","urlTemplate":"https:\/\/proteiplus.ca\/en\/?s={search_term_string}"},"query-input":{"@type":"PropertyValueSpecification","valueRequired":true,"valueName":"search_term_string"}}],"inLanguage":"en-US"}]}},"_links":{"self":[{"href":"https:\/\/proteiplus.ca\/en\/wp-json\/wp\/v2\/pages\/457","targetHints":{"allow":["GET"]}}],"collection":[{"href":"https:\/\/proteiplus.ca\/en\/wp-json\/wp\/v2\/pages"}],"about":[{"href":"https:\/\/proteiplus.ca\/en\/wp-json\/wp\/v2\/types\/page"}],"author":[{"embeddable":true,"href":"https:\/\/proteiplus.ca\/en\/wp-json\/wp\/v2\/users\/1"}],"replies":[{"embeddable":true,"href":"https:\/\/proteiplus.ca\/en\/wp-json\/wp\/v2\/comments?post=457"}],"version-history":[{"count":4,"href":"https:\/\/proteiplus.ca\/en\/wp-json\/wp\/v2\/pages\/457\/revisions"}],"predecessor-version":[{"id":520,"href":"https:\/\/proteiplus.ca\/en\/wp-json\/wp\/v2\/pages\/457\/revisions\/520"}],"wp:featuredmedia":[{"embeddable":true,"href":"https:\/\/proteiplus.ca\/en\/wp-json\/wp\/v2\/media\/427"}],"wp:attachment":[{"href":"https:\/\/proteiplus.ca\/en\/wp-json\/wp\/v2\/media?parent=457"}],"wp:term":[{"taxonomy":"dipi_cpt_category","embeddable":true,"href":"https:\/\/proteiplus.ca\/en\/wp-json\/wp\/v2\/dipi_cpt_category?post=457"}],"curies":[{"name":"wp","href":"https:\/\/api.w.org\/{rel}","templated":true}]}}